{"id":8,"date":"2019-04-08T20:41:21","date_gmt":"2019-04-08T18:41:21","guid":{"rendered":"https:\/\/casamango.holiday\/?page_id=8"},"modified":"2026-01-13T14:23:50","modified_gmt":"2026-01-13T13:23:50","slug":"casa-mango-las-coloradas-playa-blanca","status":"publish","type":"page","link":"https:\/\/casamango.holiday\/es\/","title":{"rendered":"Casa Mango &#8211; cerca de las playas de Papagayo"},"content":{"rendered":"\n<hr class=\"wp-block-separator has-css-opacity\"\/>\n\n\n\n<p>\u00a1Bienvenido a Lanzarote, bienvenido a Casa Mango!<\/p>\n\n\n\n<div class=\"wp-block-group\"><div class=\"wp-block-group__inner-container is-layout-flow wp-block-group-is-layout-flow\">\n<figure class=\"wp-block-gallery has-nested-images columns-default is-cropped wp-block-gallery-1 is-layout-flex wp-block-gallery-is-layout-flex\">\n<figure class=\"wp-block-image size-large\"><img loading=\"lazy\" decoding=\"async\" width=\"1024\" height=\"768\" src=\"https:\/\/casamango.holiday\/wp-content\/uploads\/2021\/01\/20210110_112659-1024x768.jpg\" alt=\"\" class=\"wp-image-1552\" srcset=\"https:\/\/casamango.holiday\/wp-content\/uploads\/2021\/01\/20210110_112659-1024x768.jpg 1024w, https:\/\/casamango.holiday\/wp-content\/uploads\/2021\/01\/20210110_112659-300x225.jpg 300w, https:\/\/casamango.holiday\/wp-content\/uploads\/2021\/01\/20210110_112659-768x576.jpg 768w, https:\/\/casamango.holiday\/wp-content\/uploads\/2021\/01\/20210110_112659-676x507.jpg 676w, https:\/\/casamango.holiday\/wp-content\/uploads\/2021\/01\/20210110_112659.jpg 1280w\" sizes=\"(max-width: 1024px) 100vw, 1024px\" \/><figcaption class=\"wp-element-caption\">Casa Mango<\/figcaption><\/figure>\n\n\n\n<figure class=\"wp-block-image size-large\"><img loading=\"lazy\" decoding=\"async\" width=\"1024\" height=\"768\" src=\"https:\/\/casamango.holiday\/wp-content\/uploads\/2021\/01\/20210110_112910-1024x768.jpg\" alt=\"\" class=\"wp-image-1558\" srcset=\"https:\/\/casamango.holiday\/wp-content\/uploads\/2021\/01\/20210110_112910-1024x768.jpg 1024w, https:\/\/casamango.holiday\/wp-content\/uploads\/2021\/01\/20210110_112910-300x225.jpg 300w, https:\/\/casamango.holiday\/wp-content\/uploads\/2021\/01\/20210110_112910-768x576.jpg 768w, https:\/\/casamango.holiday\/wp-content\/uploads\/2021\/01\/20210110_112910-676x507.jpg 676w, https:\/\/casamango.holiday\/wp-content\/uploads\/2021\/01\/20210110_112910.jpg 1280w\" sizes=\"(max-width: 1024px) 100vw, 1024px\" \/><figcaption class=\"wp-element-caption\">Privacy<\/figcaption><\/figure>\n\n\n\n<figure class=\"wp-block-image size-large\"><img loading=\"lazy\" decoding=\"async\" width=\"1024\" height=\"768\" src=\"https:\/\/casamango.holiday\/wp-content\/uploads\/2021\/01\/20210110_105259-1024x768.jpg\" alt=\"\" class=\"wp-image-1532\" srcset=\"https:\/\/casamango.holiday\/wp-content\/uploads\/2021\/01\/20210110_105259-1024x768.jpg 1024w, https:\/\/casamango.holiday\/wp-content\/uploads\/2021\/01\/20210110_105259-300x225.jpg 300w, https:\/\/casamango.holiday\/wp-content\/uploads\/2021\/01\/20210110_105259-768x576.jpg 768w, https:\/\/casamango.holiday\/wp-content\/uploads\/2021\/01\/20210110_105259-676x507.jpg 676w, https:\/\/casamango.holiday\/wp-content\/uploads\/2021\/01\/20210110_105259.jpg 1280w\" sizes=\"(max-width: 1024px) 100vw, 1024px\" \/><figcaption class=\"wp-element-caption\">Garden<\/figcaption><\/figure>\n\n\n\n<figure class=\"wp-block-image size-large\"><img loading=\"lazy\" decoding=\"async\" width=\"1024\" height=\"768\" src=\"https:\/\/casamango.holiday\/wp-content\/uploads\/2021\/01\/20210110_112932-1024x768.jpg\" alt=\"\" class=\"wp-image-1560\" srcset=\"https:\/\/casamango.holiday\/wp-content\/uploads\/2021\/01\/20210110_112932-1024x768.jpg 1024w, https:\/\/casamango.holiday\/wp-content\/uploads\/2021\/01\/20210110_112932-300x225.jpg 300w, https:\/\/casamango.holiday\/wp-content\/uploads\/2021\/01\/20210110_112932-768x576.jpg 768w, https:\/\/casamango.holiday\/wp-content\/uploads\/2021\/01\/20210110_112932-676x507.jpg 676w, https:\/\/casamango.holiday\/wp-content\/uploads\/2021\/01\/20210110_112932.jpg 1280w\" sizes=\"(max-width: 1024px) 100vw, 1024px\" \/><figcaption class=\"wp-element-caption\">Tropical plants<\/figcaption><\/figure>\n\n\n\n<figure class=\"wp-block-image size-large\"><img loading=\"lazy\" decoding=\"async\" width=\"1024\" height=\"576\" src=\"https:\/\/casamango.holiday\/wp-content\/uploads\/2021\/01\/1610832481136-1024x576.jpg\" alt=\"\" class=\"wp-image-1645\" srcset=\"https:\/\/casamango.holiday\/wp-content\/uploads\/2021\/01\/1610832481136-1024x576.jpg 1024w, https:\/\/casamango.holiday\/wp-content\/uploads\/2021\/01\/1610832481136-300x169.jpg 300w, https:\/\/casamango.holiday\/wp-content\/uploads\/2021\/01\/1610832481136-768x432.jpg 768w, https:\/\/casamango.holiday\/wp-content\/uploads\/2021\/01\/1610832481136-1536x864.jpg 1536w, https:\/\/casamango.holiday\/wp-content\/uploads\/2021\/01\/1610832481136-2048x1152.jpg 2048w, https:\/\/casamango.holiday\/wp-content\/uploads\/2021\/01\/1610832481136-676x380.jpg 676w\" sizes=\"(max-width: 1024px) 100vw, 1024px\" \/><figcaption class=\"wp-element-caption\">Patio<\/figcaption><\/figure>\n\n\n\n<figure class=\"wp-block-image size-large\"><img loading=\"lazy\" decoding=\"async\" width=\"1024\" height=\"768\" src=\"https:\/\/casamango.holiday\/wp-content\/uploads\/2021\/01\/20210110_105644-1024x768.jpg\" alt=\"\" class=\"wp-image-1538\" srcset=\"https:\/\/casamango.holiday\/wp-content\/uploads\/2021\/01\/20210110_105644-1024x768.jpg 1024w, https:\/\/casamango.holiday\/wp-content\/uploads\/2021\/01\/20210110_105644-300x225.jpg 300w, https:\/\/casamango.holiday\/wp-content\/uploads\/2021\/01\/20210110_105644-768x576.jpg 768w, https:\/\/casamango.holiday\/wp-content\/uploads\/2021\/01\/20210110_105644-676x507.jpg 676w, https:\/\/casamango.holiday\/wp-content\/uploads\/2021\/01\/20210110_105644.jpg 1280w\" sizes=\"(max-width: 1024px) 100vw, 1024px\" \/><figcaption class=\"wp-element-caption\">Outdoor shower<\/figcaption><\/figure>\n<figcaption class=\"blocks-gallery-caption wp-element-caption\">Casa Mango<\/figcaption><\/figure>\n<\/div><\/div>\n\n\n<div class=\"wp-block-image\">\n<figure class=\"aligncenter size-large\"><img loading=\"lazy\" decoding=\"async\" width=\"1024\" height=\"576\" src=\"https:\/\/casamango.holiday\/wp-content\/uploads\/2023\/04\/IMG_20220403_120006-1024x576.jpg\" alt=\"El Papagayos\" class=\"wp-image-2266\" srcset=\"https:\/\/casamango.holiday\/wp-content\/uploads\/2023\/04\/IMG_20220403_120006-1024x576.jpg 1024w, https:\/\/casamango.holiday\/wp-content\/uploads\/2023\/04\/IMG_20220403_120006-300x169.jpg 300w, https:\/\/casamango.holiday\/wp-content\/uploads\/2023\/04\/IMG_20220403_120006-768x432.jpg 768w, https:\/\/casamango.holiday\/wp-content\/uploads\/2023\/04\/IMG_20220403_120006-676x380.jpg 676w, https:\/\/casamango.holiday\/wp-content\/uploads\/2023\/04\/IMG_20220403_120006.jpg 1280w\" sizes=\"(max-width: 1024px) 100vw, 1024px\" \/><figcaption class=\"wp-element-caption\">El Papagayos<\/figcaption><\/figure><\/div>\n\n\n<p><a href=\"https:\/\/casamango.holiday\/\"><img decoding=\"async\" width=\"30\" src=\"https:\/\/casamango.holiday\/wp-content\/uploads\/2023\/03\/de.jpg\"><\/a>&nbsp;&nbsp;&nbsp;&nbsp;<a href=\"https:\/\/casamango.holiday\/gb\"><img decoding=\"async\" width=\"30\" src=\"https:\/\/casamango.holiday\/wp-content\/uploads\/2023\/03\/gb.jpg\"><\/a>&nbsp;&nbsp;&nbsp;&nbsp;<a href=\"https:\/\/casamango.holiday\/es\"><img decoding=\"async\" width=\"30\" src=\"https:\/\/casamango.holiday\/wp-content\/uploads\/2023\/03\/es.jpg\"><\/a><\/p>\n\n\n\n<p><span style=\"font-size: inherit;\">\u00a1Bienvenido a Lanzarote, bienvenido a nuestra casa de vacaciones Casa Mango! Ahora tambi\u00e9n en l\u00ednea a trav\u00e9s de WhatsApp<\/span>! <a href=\"https:\/\/wa.me\/+4942029919688\"><img loading=\"lazy\" decoding=\"async\" width=\"30\" height=\"31\" class=\"wp-image-2093\" style=\"width: 30px;\" src=\"https:\/\/casamango.holiday\/wp-content\/uploads\/2023\/02\/whatsapp.jpg\" alt=\"\"><\/a><\/p>\n\n\n\n<p>Nuestra casa de vacaciones se encuentra en la zona de Las Coloradas en Playa Blanca en la hermosa isla de Lanzarote y cerca de Playa Mujeres. En Casa Mango usted tambi\u00e9n hace unas vacaciones sostenibles. Conscientemente prescindimos de aire acondicionado y piscina e intentamos por todos los medios que sus vacaciones sean lo m\u00e1s agradables posible conservando los recursos.<\/p>\n\n\n<div class=\"wp-block-image is-resized\">\n<figure class=\"alignleft\"><img loading=\"lazy\" decoding=\"async\" width=\"1024\" height=\"670\" src=\"https:\/\/casamango.holiday\/wp-content\/uploads\/2019\/09\/playa-blanca-map-1024x670.png\" alt=\"\" class=\"wp-image-743\" srcset=\"https:\/\/casamango.holiday\/wp-content\/uploads\/2019\/09\/playa-blanca-map-1024x670.png 1024w, https:\/\/casamango.holiday\/wp-content\/uploads\/2019\/09\/playa-blanca-map-300x196.png 300w, https:\/\/casamango.holiday\/wp-content\/uploads\/2019\/09\/playa-blanca-map-768x502.png 768w, https:\/\/casamango.holiday\/wp-content\/uploads\/2019\/09\/playa-blanca-map.png 1235w\" sizes=\"(max-width: 1024px) 100vw, 1024px\" \/><figcaption class=\"wp-element-caption\">Playa Blanca<\/figcaption><\/figure><\/div>\n\n\n<p>Si alguna vez necesita un poco de relax, no deje de visitar Lanzarote.<\/p>\n\n\n\n<p>Lanzarote forma parte de las Islas Canarias y est\u00e1 situada en el oc\u00e9ano Atl\u00e1ntico, al oeste de Marruecos (\u00c1frica).<\/p>\n\n\n\n<p>El clima templado durante todo el a\u00f1o, con temperaturas que oscilan entre 13 y 24 grados en invierno y 23 y 32 grados en verano, es posible gracias a los vientos alisios que soplan del noreste.<\/p>\n\n\n\n<p class=\"has-text-align-center\">As\u00ed que Lanzarote es el lugar ideal para unas vacaciones espont\u00e1neas.<\/p>\n\n\n\n<p><sub>(We use maps from  <a href=\"https:\/\/www.openstreetmap.de\/karte.html#\" target=\"_blank\" rel=\"noreferrer noopener nofollow\">OpenStreetMap<\/a>)<\/sub><\/p>\n\n\n\n<h2 class=\"wp-block-heading\" id=\"homeoffice-auf-lanzarote\">Homeoffice a Lanzarote<\/h2>\n\n\n\n<p>Hoy en d\u00eda, muchos n\u00f3madas digitales est\u00e1n trasladando sus oficinas centrales a las Islas Canarias y, por tanto, tambi\u00e9n a Lanzarote. Gracias a la buena infraestructura, est\u00e1 garantizada una r\u00e1pida conexi\u00f3n a los nodos de la red internacional. Nuestro piso de vacaciones tambi\u00e9n dispone de una conexi\u00f3n a Internet de 500 MBit, para que nada se interponga en el camino de una estancia m\u00e1s larga en un entorno estupendo y un clima constante.<\/p>\n\n\n\n<p><a href=\"https:\/\/www.deepl.com\/translator?utm_source=windows&amp;utm_medium=app&amp;utm_campaign=windows-share\" target=\"_blank\" rel=\"noreferrer noopener\">Translated with DeepL<\/a><\/p>\n\n\n\n<h2 class=\"wp-block-heading\" id=\"buchung\">Reservas<\/h2>\n\n\n\n<p>En nuestra casa de vacaciones Casa Mango cobramos actualmente a partir de 121  EUR por la pernoctaci\u00f3n (includio IGIC). La estancia m\u00ednima es de 7 noches. Si desea m\u00e1s informaci\u00f3n, p\u00f3ngase en contacto con nosotros.<\/p>\n\n\n\n<p>Si est\u00e1 interesado en alojarse en nuestra Casa durante un periodo de tiempo determinado, utilice el men\u00fa de selecci\u00f3n de llegada y salida de esta p\u00e1gina:<\/p>\n\n\n\n<p class=\"has-text-align-center\"><a href=\"\/buchungskalender-und-buchungsuebersicht\/\"><strong>No aceptamos reservas para 2026.!<\/strong><\/a><\/p>\n\n\n\n<p>En nuestra p\u00e1gina de reservas puede consultar la ocupaci\u00f3n de cada mes e iniciar una consulta sin compromiso. Su consulta s\u00f3lo ser\u00e1 vinculante una vez que se haya pagado el dep\u00f3sito. As\u00ed que no se preocupe, \u00a1reserve ya su estancia en Lanzarote!<\/p>\n\n\n\n<h2 class=\"wp-block-heading\" id=\"anreise\">Arrival<\/h2>\n\n\n\n<p>Hay vuelos directos a Lanzarote desde muchos aeropuertos internacionales.<\/p>\n\n\n\n<p> Las rutas alternativas a Lanzarote son o bien saltando de isla en isla v\u00eda Gran Canaria y Tenerife, o bien en taxi, autob\u00fas o alquilando un coche en el aeropuerto de Fuerteventura y tomando el ferry de Corralejo a Playa Blanca.<br>Si reserva un vuelo por Internet, tenga en cuenta que la mayor\u00eda de los portales s\u00f3lo act\u00faan como intermediarios y, por tanto, no garantizan la viabilidad del vuelo.<\/p>\n\n\n\n<h2 class=\"wp-block-heading\" id=\"lanzarote-playa-blanca-las-coloradas-mit-sonne-viel-strand-viel-meer-palmen-schonem-garten-und-meerblick-traumhaft-fur-2-4-personen-und-fur-ihre-ferien\"><mark style=\"background-color:rgba(0, 0, 0, 0)\" class=\"has-inline-color has-dark-gray-color\">Lanzarote, Playa Blanca, Las Coloradas, con sol, mucha playa, mucho mar, palmeras, bonito jard\u00edn y vistas al mar. \u00a1De ensue\u00f1o, para 2-4 personas y para sus vacaciones!<\/mark><\/h2>\n\n\n\n<p>Si busca un piso para sus vacaciones en Lanzarote, una casa de vacaciones en Lanzarote, una villa para sus vacaciones en Lanzarote o una finca en Lanzarote. Eche un vistazo a Casa Mango antes de reservar. Casa Mango ofrece todas las comodidades para unas vacaciones relajantes para un m\u00e1ximo de 4 personas. <script><\/script><\/p>\n\n\n<p><a href=\"https:\/\/casamango.holiday\/2021\/04\/what-our-guest-say\/\" target=\"_blank\" rel=\"noreferrer noopener\" data-rich-text-format-boundary=\"true\">Esto es lo que dicen nuestros hu\u00e9spedes sobre nuestra casa de vacaciones.<\/a><\/p>\n\nImported <strong>0<\/strong> bookings\n\n\n<div class=\"wp-block-image\">\n<figure class=\"aligncenter size-large is-resized\"><img loading=\"lazy\" decoding=\"async\" width=\"1024\" height=\"658\" src=\"https:\/\/casamango.holiday\/wp-content\/uploads\/2023\/03\/1678531622829-1024x658.jpg\" alt=\"Castillo\" class=\"wp-image-2206\" style=\"width:377px;height:242px\" srcset=\"https:\/\/casamango.holiday\/wp-content\/uploads\/2023\/03\/1678531622829-1024x658.jpg 1024w, https:\/\/casamango.holiday\/wp-content\/uploads\/2023\/03\/1678531622829-300x193.jpg 300w, https:\/\/casamango.holiday\/wp-content\/uploads\/2023\/03\/1678531622829-768x493.jpg 768w, https:\/\/casamango.holiday\/wp-content\/uploads\/2023\/03\/1678531622829-1536x986.jpg 1536w, https:\/\/casamango.holiday\/wp-content\/uploads\/2023\/03\/1678531622829-2048x1315.jpg 2048w, https:\/\/casamango.holiday\/wp-content\/uploads\/2023\/03\/1678531622829-676x434.jpg 676w\" sizes=\"(max-width: 1024px) 100vw, 1024px\" \/><figcaption class=\"wp-element-caption\"><a href=\"https:\/\/casamango.holiday\/2023\/03\/sah-kunst-und-kuenstlerin-lanzarotes\/\">https:\/\/casamango.holiday\/2023\/03\/sah-kunst-und-kuenstlerin-lanzarotes\/<\/a><\/figcaption><\/figure><\/div>\n\n\n<p class=\"has-text-align-center\"><a href=\"https:\/\/casamango.holiday\/es\/2023\/04\/el-papagyos\/\">Actual<\/a><\/p>\n","protected":false},"excerpt":{"rendered":"<p>\u00a1Bienvenido a Lanzarote, bienvenido a Casa Mango! &nbsp;&nbsp;&nbsp;&nbsp;&nbsp;&nbsp;&nbsp;&nbsp; \u00a1Bienvenido a Lanzarote, bienvenido a nuestra casa de vacaciones Casa Mango! Ahora tambi\u00e9n en l\u00ednea a trav\u00e9s de WhatsApp! Nuestra casa de vacaciones se encuentra en la zona de Las Coloradas en Playa Blanca en la hermosa isla de Lanzarote y cerca de Playa Mujeres. En Casa [&hellip;]<\/p>\n","protected":false},"author":1,"featured_media":0,"parent":0,"menu_order":0,"comment_status":"closed","ping_status":"closed","template":"","meta":{"ngg_post_thumbnail":280,"footnotes":""},"class_list":["post-8","page","type-page","status-publish","hentry","post-preview"],"translation":{"provider":"WPGlobus","version":"3.0.1","language":"es","enabled_languages":["de","gb","es"],"languages":{"de":{"title":true,"content":true,"excerpt":false},"gb":{"title":true,"content":true,"excerpt":false},"es":{"title":true,"content":true,"excerpt":false}}},"yoast_head":"<!-- This site is optimized with the Yoast SEO plugin v24.1 - https:\/\/yoast.com\/wordpress\/plugins\/seo\/ -->\n<title>Casa Mango - cerca de las playas de Papagayo - Villa \/ Ferienhaus \/ Ferienwohnung nahe den Papagayo Str\u00e4nden Casa Mango - Playa Blanca - Lanzarote<\/title>\n<meta name=\"description\" content=\"\u00a1Bienvenido a Lanzarote, bienvenido a nuestra casa de vacaciones Casa Mango! La casa de vacaciones Casa Mango se encuentra en la zona de Las Coloradas, en Playa Blanca, en la hermosa isla de Lanzarote.\" \/>\n<meta name=\"robots\" content=\"index, follow, max-snippet:-1, max-image-preview:large, max-video-preview:-1\" \/>\n<link rel=\"canonical\" href=\"https:\/\/casamango.holiday\/\" \/>\n<meta property=\"og:locale\" content=\"es_ES\" \/>\n<meta property=\"og:type\" content=\"article\" \/>\n<meta property=\"og:title\" content=\"{:de}Casa Mango - cerca de las playas de Papagayo - Villa \/ Ferienhaus \/ Ferienwohnung nahe den Papagayo Str\u00e4nden Casa Mango - Playa Blanca - Lanzarote{:}{:gb}Casa Mango - cerca de las playas de Papagayo - Ferienhaus Casa Mango - Playa Blanca - Lanzarote{:}\" \/>\n<meta property=\"og:description\" content=\"\u00a1Bienvenido a Lanzarote, bienvenido a nuestra casa de vacaciones Casa Mango! La casa de vacaciones Casa Mango se encuentra en la zona de Las Coloradas, en Playa Blanca, en la hermosa isla de Lanzarote.\" \/>\n<meta property=\"og:url\" content=\"https:\/\/casamango.holiday\/\" \/>\n<meta property=\"og:site_name\" content=\"Casa Mango - Playa Blanca - Lanzarote\" \/>\n<meta property=\"article:modified_time\" content=\"2026-01-13T13:23:50+00:00\" \/>\n<meta property=\"og:image\" content=\"https:\/\/casamango.holiday\/wp-content\/uploads\/2023\/04\/IMG_20220403_120006-1024x576.jpg\" \/>\n\t<meta property=\"og:image:width\" content=\"1280\" \/>\n\t<meta property=\"og:image:height\" content=\"720\" \/>\n\t<meta property=\"og:image:type\" content=\"image\/jpeg\" \/>\n<meta name=\"twitter:card\" content=\"summary_large_image\" \/>\n<meta name=\"twitter:title\" content=\"Ferien in Casa Mango, das Ferienhaus nah an den ber\u00fchmten Papagayo Str\u00e4nden auf Lanzarote!\" \/>\n<meta name=\"twitter:description\" content=\"Ferien in Casa Mango, das Ferienhaus nah an den ber\u00fchmten Papagayo Str\u00e4nden auf Lanzarote!\" \/>\n<meta name=\"twitter:image\" content=\"https:\/\/casamango.holiday\/wp-content\/uploads\/2023\/04\/IMG_20220403_120006-1024x576.jpg\" \/>\n<meta name=\"twitter:label1\" content=\"Est. reading time\" \/>\n\t<meta name=\"twitter:data1\" content=\"6 minutes\" \/>\n<script type=\"application\/ld+json\" class=\"yoast-schema-graph\">{\"@context\":\"https:\/\/schema.org\",\"@graph\":[{\"@type\":\"WebPage\",\"@id\":\"https:\/\/casamango.holiday\/\",\"url\":\"https:\/\/casamango.holiday\/\",\"name\":\"Casa Mango - cerca de las playas de Papagayo - Villa \/ Ferienhaus \/ Ferienwohnung nahe den Papagayo Str\u00e4nden Casa Mango - Playa Blanca - Lanzarote\",\"isPartOf\":{\"@id\":\"https:\/\/casamango.holiday\/#website\"},\"primaryImageOfPage\":{\"@id\":\"https:\/\/casamango.holiday\/#primaryimage\"},\"image\":{\"@id\":\"https:\/\/casamango.holiday\/#primaryimage\"},\"thumbnailUrl\":\"https:\/\/casamango.holiday\/wp-content\/uploads\/2021\/01\/20210110_112659-1024x768.jpg\",\"datePublished\":\"2019-04-08T18:41:21+00:00\",\"dateModified\":\"2026-01-13T13:23:50+00:00\",\"description\":\"Ferienhaus, Ferienwohnung in Playa Blanca Lanzarote zu vermieten. Wundersch\u00f6ne Ferienhaus \/ Ferienwohnung \/ Villa in Lanzarote Las Coloradas nahe den wundervollen Papagayo Str\u00e4nden und der Marina Rubicon f\u00fcr Ihren Urlaub.\",\"breadcrumb\":{\"@id\":\"https:\/\/casamango.holiday\/#breadcrumb\"},\"inLanguage\":\"es-ES\",\"potentialAction\":[{\"@type\":\"ReadAction\",\"target\":[\"https:\/\/casamango.holiday\/\"]}]},{\"@type\":\"ImageObject\",\"inLanguage\":\"es-ES\",\"@id\":\"https:\/\/casamango.holiday\/#primaryimage\",\"url\":\"https:\/\/casamango.holiday\/wp-content\/uploads\/2021\/01\/20210110_112659-1024x768.jpg\",\"contentUrl\":\"https:\/\/casamango.holiday\/wp-content\/uploads\/2021\/01\/20210110_112659-1024x768.jpg\"},{\"@type\":\"BreadcrumbList\",\"@id\":\"https:\/\/casamango.holiday\/#breadcrumb\",\"itemListElement\":[{\"@type\":\"ListItem\",\"position\":1,\"name\":\"Startseite\",\"item\":\"https:\/\/casamango.holiday\/\"},{\"@type\":\"ListItem\",\"position\":2,\"name\":\"Casa Mango &#8211; nah an den Papagayo Str\u00e4nden\"}]},{\"@type\":\"WebSite\",\"@id\":\"https:\/\/casamango.holiday\/#website\",\"url\":\"https:\/\/casamango.holiday\/\",\"name\":\"Casa Mango - Playa Blanca - Lanzarote\",\"description\":\"Willkommen in unserem Ferienhaus auf Lanzarote -  Welcome to our holiday villa\",\"publisher\":{\"@id\":\"https:\/\/casamango.holiday\/#\/schema\/person\/23fc688d7dac6c2e0155460af0679b93\"},\"potentialAction\":[{\"@type\":\"SearchAction\",\"target\":{\"@type\":\"EntryPoint\",\"urlTemplate\":\"https:\/\/casamango.holiday\/?s={search_term_string}\"},\"query-input\":{\"@type\":\"PropertyValueSpecification\",\"valueRequired\":true,\"valueName\":\"search_term_string\"}}],\"inLanguage\":\"es-ES\"},{\"@type\":[\"Person\",\"Organization\"],\"@id\":\"https:\/\/casamango.holiday\/#\/schema\/person\/23fc688d7dac6c2e0155460af0679b93\",\"name\":\"admin-wordpress\",\"image\":{\"@type\":\"ImageObject\",\"inLanguage\":\"es-ES\",\"@id\":\"https:\/\/casamango.holiday\/#\/schema\/person\/image\/\",\"url\":\"https:\/\/secure.gravatar.com\/avatar\/b36a2cfcb0a5daf901250b350b234451?s=96&d=mm&r=g\",\"contentUrl\":\"https:\/\/secure.gravatar.com\/avatar\/b36a2cfcb0a5daf901250b350b234451?s=96&d=mm&r=g\",\"caption\":\"admin-wordpress\"},\"logo\":{\"@id\":\"https:\/\/casamango.holiday\/#\/schema\/person\/image\/\"}}]}<\/script>\n<!-- \/ Yoast SEO plugin. -->","yoast_head_json":{"title":"Casa Mango - cerca de las playas de Papagayo - Villa \/ Ferienhaus \/ Ferienwohnung nahe den Papagayo Str\u00e4nden Casa Mango - Playa Blanca - Lanzarote","description":"\u00a1Bienvenido a Lanzarote, bienvenido a nuestra casa de vacaciones Casa Mango! La casa de vacaciones Casa Mango se encuentra en la zona de Las Coloradas, en Playa Blanca, en la hermosa isla de Lanzarote.","robots":{"index":"index","follow":"follow","max-snippet":"max-snippet:-1","max-image-preview":"max-image-preview:large","max-video-preview":"max-video-preview:-1"},"canonical":"https:\/\/casamango.holiday\/","og_locale":"es_ES","og_type":"article","og_title":"{:de}Casa Mango - cerca de las playas de Papagayo - Villa \/ Ferienhaus \/ Ferienwohnung nahe den Papagayo Str\u00e4nden Casa Mango - Playa Blanca - Lanzarote{:}{:gb}Casa Mango - cerca de las playas de Papagayo - Ferienhaus Casa Mango - Playa Blanca - Lanzarote{:}","og_description":"\u00a1Bienvenido a Lanzarote, bienvenido a nuestra casa de vacaciones Casa Mango! La casa de vacaciones Casa Mango se encuentra en la zona de Las Coloradas, en Playa Blanca, en la hermosa isla de Lanzarote.","og_url":"https:\/\/casamango.holiday\/","og_site_name":"Casa Mango - Playa Blanca - Lanzarote","article_modified_time":"2026-01-13T13:23:50+00:00","og_image":[{"width":1280,"height":720,"url":"https:\/\/casamango.holiday\/wp-content\/uploads\/2023\/04\/IMG_20220403_120006-1024x576.jpg","type":"image\/jpeg"}],"twitter_card":"summary_large_image","twitter_title":"Ferien in Casa Mango, das Ferienhaus nah an den ber\u00fchmten Papagayo Str\u00e4nden auf Lanzarote!","twitter_description":"Ferien in Casa Mango, das Ferienhaus nah an den ber\u00fchmten Papagayo Str\u00e4nden auf Lanzarote!","twitter_image":"https:\/\/casamango.holiday\/wp-content\/uploads\/2023\/04\/IMG_20220403_120006-1024x576.jpg","twitter_misc":{"Est. reading time":"6 minutes"},"schema":{"@context":"https:\/\/schema.org","@graph":[{"@type":"WebPage","@id":"https:\/\/casamango.holiday\/","url":"https:\/\/casamango.holiday\/","name":"Casa Mango - cerca de las playas de Papagayo - Villa \/ Ferienhaus \/ Ferienwohnung nahe den Papagayo Str\u00e4nden Casa Mango - Playa Blanca - Lanzarote","isPartOf":{"@id":"https:\/\/casamango.holiday\/#website"},"primaryImageOfPage":{"@id":"https:\/\/casamango.holiday\/#primaryimage"},"image":{"@id":"https:\/\/casamango.holiday\/#primaryimage"},"thumbnailUrl":"https:\/\/casamango.holiday\/wp-content\/uploads\/2021\/01\/20210110_112659-1024x768.jpg","datePublished":"2019-04-08T18:41:21+00:00","dateModified":"2026-01-13T13:23:50+00:00","description":"Ferienhaus, Ferienwohnung in Playa Blanca Lanzarote zu vermieten. Wundersch\u00f6ne Ferienhaus \/ Ferienwohnung \/ Villa in Lanzarote Las Coloradas nahe den wundervollen Papagayo Str\u00e4nden und der Marina Rubicon f\u00fcr Ihren Urlaub.","breadcrumb":{"@id":"https:\/\/casamango.holiday\/#breadcrumb"},"inLanguage":"es-ES","potentialAction":[{"@type":"ReadAction","target":["https:\/\/casamango.holiday\/"]}]},{"@type":"ImageObject","inLanguage":"es-ES","@id":"https:\/\/casamango.holiday\/#primaryimage","url":"https:\/\/casamango.holiday\/wp-content\/uploads\/2021\/01\/20210110_112659-1024x768.jpg","contentUrl":"https:\/\/casamango.holiday\/wp-content\/uploads\/2021\/01\/20210110_112659-1024x768.jpg"},{"@type":"BreadcrumbList","@id":"https:\/\/casamango.holiday\/#breadcrumb","itemListElement":[{"@type":"ListItem","position":1,"name":"Startseite","item":"https:\/\/casamango.holiday\/"},{"@type":"ListItem","position":2,"name":"Casa Mango &#8211; nah an den Papagayo Str\u00e4nden"}]},{"@type":"WebSite","@id":"https:\/\/casamango.holiday\/#website","url":"https:\/\/casamango.holiday\/","name":"Casa Mango - Playa Blanca - Lanzarote","description":"Willkommen in unserem Ferienhaus auf Lanzarote -  Welcome to our holiday villa","publisher":{"@id":"https:\/\/casamango.holiday\/#\/schema\/person\/23fc688d7dac6c2e0155460af0679b93"},"potentialAction":[{"@type":"SearchAction","target":{"@type":"EntryPoint","urlTemplate":"https:\/\/casamango.holiday\/?s={search_term_string}"},"query-input":{"@type":"PropertyValueSpecification","valueRequired":true,"valueName":"search_term_string"}}],"inLanguage":"es-ES"},{"@type":["Person","Organization"],"@id":"https:\/\/casamango.holiday\/#\/schema\/person\/23fc688d7dac6c2e0155460af0679b93","name":"admin-wordpress","image":{"@type":"ImageObject","inLanguage":"es-ES","@id":"https:\/\/casamango.holiday\/#\/schema\/person\/image\/","url":"https:\/\/secure.gravatar.com\/avatar\/b36a2cfcb0a5daf901250b350b234451?s=96&d=mm&r=g","contentUrl":"https:\/\/secure.gravatar.com\/avatar\/b36a2cfcb0a5daf901250b350b234451?s=96&d=mm&r=g","caption":"admin-wordpress"},"logo":{"@id":"https:\/\/casamango.holiday\/#\/schema\/person\/image\/"}}]}},"_links":{"self":[{"href":"https:\/\/casamango.holiday\/es\/wp-json\/wp\/v2\/pages\/8"}],"collection":[{"href":"https:\/\/casamango.holiday\/es\/wp-json\/wp\/v2\/pages"}],"about":[{"href":"https:\/\/casamango.holiday\/es\/wp-json\/wp\/v2\/types\/page"}],"author":[{"embeddable":true,"href":"https:\/\/casamango.holiday\/es\/wp-json\/wp\/v2\/users\/1"}],"replies":[{"embeddable":true,"href":"https:\/\/casamango.holiday\/es\/wp-json\/wp\/v2\/comments?post=8"}],"version-history":[{"count":293,"href":"https:\/\/casamango.holiday\/es\/wp-json\/wp\/v2\/pages\/8\/revisions"}],"predecessor-version":[{"id":2557,"href":"https:\/\/casamango.holiday\/es\/wp-json\/wp\/v2\/pages\/8\/revisions\/2557"}],"wp:attachment":[{"href":"https:\/\/casamango.holiday\/es\/wp-json\/wp\/v2\/media?parent=8"}],"curies":[{"name":"wp","href":"https:\/\/api.w.org\/{rel}","templated":true}]}}