{"id":1320,"date":"2020-09-08T12:29:04","date_gmt":"2020-09-08T10:29:04","guid":{"rendered":"https:\/\/casamango.holiday\/?page_id=1320"},"modified":"2021-08-03T21:17:31","modified_gmt":"2021-08-03T19:17:31","slug":"lanzarote-entdecken","status":"publish","type":"page","link":"https:\/\/casamango.holiday\/gb\/lanzarote-entdecken\/","title":{"rendered":"Discover Lanzarote"},"content":{"rendered":"<p><\/p>\n\n\n<p>A volcanic eruption in the 18th century, which started on September 1, 1730 and was to last for over 6 years, destroyed large parts of the island, but also shaped it as we find it today as a visitor. What was at that time a catastrophe for the Lanzarotenos, or the Majos, has therewith also contributed to its uniqueness of today.<\/p>\n\n\n\n<p>But it is not only nature that has created great things here, but also a unique artist who was born on this island, C\u00e9asar Manrique. It is thanks to C\u00e9asar Manrique that there are no skyscrapers in Lanzarote, no house should be higher than three floors in order to interrupt the wide view over this wonderful country. With a few exceptions in the touristical centres of the island, this promise of the then island president of 1968 could be kept. The C\u00e9sar Manrique Foundation also fights for the compliance with these conditions, unfortunately not always with success. Manrique has also created this unique landscape with his works of art, which are seamlessly integrated into the natural space.<\/p>\n\n\n\n<p>Every time we come to Lanzarote, we are repeatedely touched by this uniqueness. The nature of Lanzarote, still fighting for new life, shows us again and again how unique all life is.<\/p>\n\n\n\n<p>If you are curious about the work of C\u00e9sar Manrique, visit the Fundaci\u00f3n C\u00e9sar Manrique north of Arrecife. You will find it at the country road LZ 34, near Tahiche.<\/p>\n\n\n\n<figure class=\"wp-block-image\"><img decoding=\"async\" src=\"https:\/\/casamango.holiday\/wp-content\/uploads\/2019\/04\/2013-8-9-T%C3%B6rn-8u9-Lissabon-Fuerteventura-276-1024x683.jpg\" alt=\"This image has an empty Alt attribute. The filename is 2013-8-9-Turn-8u9-Lisbon-Fuerteventura-276-1024x683.jpg\"\/><\/figure>\n\n\n\n<p>Here on our website we would like to give you some suggestions how to make your visit to this beautiful island. We simply assume that you will arrive on a Friday. Every other day is possible, too, then you just have to arrange your own individual order. If you follow our order, you can usually visit a local weekly market on the corresponding weekdays in the larger towns.<\/p>\n\n\n\n<p>Just take a look at the individual articles:<\/p>\n\n\n\n<p><a rel=\"noreferrer noopener\" href=\"https:\/\/casamango.holiday\/2019\/09\/urlauben-und-entspannen-tag-1\/\" target=\"_blank\">Day1, Arrival<\/a> (Friday)<\/p>\n\n\n\n<p><a href=\"https:\/\/casamango.holiday\/2019\/10\/playa-blanca-entdecken-tag-2\/\">Day 2, Discover Playa Blanca<\/a> (Saturday)<\/p>\n\n\n\n<p><a href=\"https:\/\/casamango.holiday\/2019\/10\/auf-in-die-alte-hauptstadt-teguise-und-zum-wochenmarkt-tag-3\/\">Day 3, Off to the old capital Teguise and to the weekly market<\/a> (Sunday)<\/p>\n\n\n\n<p><a href=\"https:\/\/casamango.holiday\/2019\/10\/auf-zum-strand-tag-4\/\">Day 4, Off to the beach, the Papagayos<\/a> (Monday)<\/p>\n\n\n\n<p><a href=\"https:\/\/casamango.holiday\/2019\/10\/weinanbau-in-la-geria-und-playa-quemada-tag-5\/\">Day 5, Wine growing in La Geria and Playa Quemada <\/a> (Tuesday)<\/p>\n\n\n\n<p><a href=\"https:\/\/casamango.holiday\/2019\/10\/ab-in-die-feuerberge-tag-6\/\">Day 6, Off to the fire mountains<\/a> (Wednesday)<\/p>\n\n\n\n<p><a href=\"https:\/\/casamango.holiday\/2019\/10\/auf-den-spuren-ceasar-manriques-tag-7\/\">Day 7, In the footsteps of Cesar Manrique<\/a> (Thursday)<\/p>\n\n\n\n<p><a href=\"https:\/\/casamango.holiday\/2019\/10\/arrecife-tag-8\/\">Day 8, Arrecife and weekly market <\/a> (Friday)<\/p>\n\n\n\n<p><a href=\"https:\/\/casamango.holiday\/2019\/10\/das-tal-der-1000-palmen-der-kunstmarkt-und-el-mirador-del-rio-tag-9\/\">Day 9, The Valley of 1000 Palms, the art market and el Mirador del Rio<\/a> (Saturday) <\/p>\n\n\n\n<p><a href=\"https:\/\/casamango.holiday\/2019\/10\/la-graciosa-tag-10\/\">Day 10, Off to the island, La Graciosa<\/a> (Sunday)<\/p>\n\n\n\n<p><a href=\"https:\/\/casamango.holiday\/2019\/10\/gruene-hoehle-und-jardin-de-cactus-tag-11\/\">Day 11, Green Cave and Jardin de Cactus<\/a> (Monday)<\/p>\n\n\n\n<p><a href=\"https:\/\/casamango.holiday\/2019\/10\/ein-ausflug-nach-fuerteventura-tag-12\/\">Day 12, A trip to Fuerteventura<\/a> (Thuesday)<\/p>\n\n\n\n<p><a href=\"https:\/\/casamango.holiday\/2019\/10\/yaiza-und-el-golfo-tag-13\/\">Day 13, Yaiza and El Golfo<\/a> (Wednesday)<\/p>\n\n\n\n<p><a href=\"https:\/\/casamango.holiday\/2019\/10\/alles-hat-ein-ende-abreise-tag-14\/\">Day 14, Everything has an end, departure<\/a> (Thursday)<\/p>\n\n\n<p><\/p>","protected":false},"excerpt":{"rendered":"<p>A volcanic eruption in the 18th century, which started on September 1, 1730 and was to last for over 6 years, destroyed large parts of the island, but also shaped it as we find it today as a visitor. What was at that time a catastrophe for the Lanzarotenos, or the Majos, has therewith also [&hellip;]<\/p>\n","protected":false},"author":1,"featured_media":0,"parent":0,"menu_order":0,"comment_status":"closed","ping_status":"closed","template":"","meta":{"ngg_post_thumbnail":0,"footnotes":""},"class_list":["post-1320","page","type-page","status-publish","hentry","post-preview"],"translation":{"provider":"WPGlobus","version":"3.0.1","language":"gb","enabled_languages":["de","gb","es"],"languages":{"de":{"title":true,"content":true,"excerpt":false},"gb":{"title":true,"content":true,"excerpt":false},"es":{"title":false,"content":false,"excerpt":false}}},"yoast_head":"<!-- This site is optimized with the Yoast SEO plugin v24.1 - https:\/\/yoast.com\/wordpress\/plugins\/seo\/ -->\n<title>Discover Lanzarote - Casa Mango - Playa Blanca - Lanzarote<\/title>\n<meta name=\"robots\" content=\"index, follow, max-snippet:-1, max-image-preview:large, max-video-preview:-1\" \/>\n<link rel=\"canonical\" href=\"https:\/\/casamango.holiday\/lanzarote-entdecken\/\" \/>\n<meta property=\"og:locale\" content=\"en_GB\" \/>\n<meta property=\"og:type\" content=\"article\" \/>\n<meta property=\"og:title\" content=\"Discover Lanzarote - Casa Mango - Playa Blanca - Lanzarote\" \/>\n<meta property=\"og:url\" content=\"https:\/\/casamango.holiday\/lanzarote-entdecken\/\" \/>\n<meta property=\"og:site_name\" content=\"Casa Mango - Playa Blanca - Lanzarote\" \/>\n<meta property=\"article:modified_time\" content=\"2021-08-03T19:17:31+00:00\" \/>\n<meta property=\"og:image\" content=\"https:\/\/casamango.holiday\/wp-content\/uploads\/2019\/04\/2013-8-9-T%C3%B6rn-8u9-Lissabon-Fuerteventura-276-1024x683.jpg\" \/>\n<meta name=\"twitter:card\" content=\"summary_large_image\" \/>\n<meta name=\"twitter:label1\" content=\"Estimated reading time\" \/>\n\t<meta name=\"twitter:data1\" content=\"3 minutes\" \/>\n<script type=\"application\/ld+json\" class=\"yoast-schema-graph\">{\"@context\":\"https:\/\/schema.org\",\"@graph\":[{\"@type\":\"WebPage\",\"@id\":\"https:\/\/casamango.holiday\/lanzarote-entdecken\/\",\"url\":\"https:\/\/casamango.holiday\/lanzarote-entdecken\/\",\"name\":\"Discover Lanzarote - Casa Mango - Playa Blanca - Lanzarote\",\"isPartOf\":{\"@id\":\"https:\/\/casamango.holiday\/#website\"},\"primaryImageOfPage\":{\"@id\":\"https:\/\/casamango.holiday\/lanzarote-entdecken\/#primaryimage\"},\"image\":{\"@id\":\"https:\/\/casamango.holiday\/lanzarote-entdecken\/#primaryimage\"},\"thumbnailUrl\":\"https:\/\/casamango.holiday\/wp-content\/uploads\/2019\/04\/2013-8-9-T%C3%B6rn-8u9-Lissabon-Fuerteventura-276-1024x683.jpg\",\"datePublished\":\"2020-09-08T10:29:04+00:00\",\"dateModified\":\"2021-08-03T19:17:31+00:00\",\"description\":\"Euer Programm f\u00fcr die 14 sch\u00f6nste Tage und Sehensw\u00fcrdigkeiten. Alle Attraktionen Lanzarotes sind von Casa Mango schnell erreichbar.\",\"breadcrumb\":{\"@id\":\"https:\/\/casamango.holiday\/lanzarote-entdecken\/#breadcrumb\"},\"inLanguage\":\"en-GB\",\"potentialAction\":[{\"@type\":\"ReadAction\",\"target\":[\"https:\/\/casamango.holiday\/lanzarote-entdecken\/\"]}]},{\"@type\":\"ImageObject\",\"inLanguage\":\"en-GB\",\"@id\":\"https:\/\/casamango.holiday\/lanzarote-entdecken\/#primaryimage\",\"url\":\"https:\/\/casamango.holiday\/wp-content\/uploads\/2019\/04\/2013-8-9-T%C3%B6rn-8u9-Lissabon-Fuerteventura-276-1024x683.jpg\",\"contentUrl\":\"https:\/\/casamango.holiday\/wp-content\/uploads\/2019\/04\/2013-8-9-T%C3%B6rn-8u9-Lissabon-Fuerteventura-276-1024x683.jpg\"},{\"@type\":\"BreadcrumbList\",\"@id\":\"https:\/\/casamango.holiday\/lanzarote-entdecken\/#breadcrumb\",\"itemListElement\":[{\"@type\":\"ListItem\",\"position\":1,\"name\":\"Startseite\",\"item\":\"https:\/\/casamango.holiday\/\"},{\"@type\":\"ListItem\",\"position\":2,\"name\":\"Lanzarote entdecken\"}]},{\"@type\":\"WebSite\",\"@id\":\"https:\/\/casamango.holiday\/#website\",\"url\":\"https:\/\/casamango.holiday\/\",\"name\":\"Casa Mango - Playa Blanca - Lanzarote\",\"description\":\"Willkommen in unserem Ferienhaus auf Lanzarote -  Welcome to our holiday villa\",\"publisher\":{\"@id\":\"https:\/\/casamango.holiday\/#\/schema\/person\/23fc688d7dac6c2e0155460af0679b93\"},\"potentialAction\":[{\"@type\":\"SearchAction\",\"target\":{\"@type\":\"EntryPoint\",\"urlTemplate\":\"https:\/\/casamango.holiday\/?s={search_term_string}\"},\"query-input\":{\"@type\":\"PropertyValueSpecification\",\"valueRequired\":true,\"valueName\":\"search_term_string\"}}],\"inLanguage\":\"en-GB\"},{\"@type\":[\"Person\",\"Organization\"],\"@id\":\"https:\/\/casamango.holiday\/#\/schema\/person\/23fc688d7dac6c2e0155460af0679b93\",\"name\":\"admin-wordpress\",\"image\":{\"@type\":\"ImageObject\",\"inLanguage\":\"en-GB\",\"@id\":\"https:\/\/casamango.holiday\/#\/schema\/person\/image\/\",\"url\":\"https:\/\/secure.gravatar.com\/avatar\/b36a2cfcb0a5daf901250b350b234451?s=96&d=mm&r=g\",\"contentUrl\":\"https:\/\/secure.gravatar.com\/avatar\/b36a2cfcb0a5daf901250b350b234451?s=96&d=mm&r=g\",\"caption\":\"admin-wordpress\"},\"logo\":{\"@id\":\"https:\/\/casamango.holiday\/#\/schema\/person\/image\/\"}}]}<\/script>\n<!-- \/ Yoast SEO plugin. -->","yoast_head_json":{"title":"Discover Lanzarote - Casa Mango - Playa Blanca - Lanzarote","robots":{"index":"index","follow":"follow","max-snippet":"max-snippet:-1","max-image-preview":"max-image-preview:large","max-video-preview":"max-video-preview:-1"},"canonical":"https:\/\/casamango.holiday\/lanzarote-entdecken\/","og_locale":"en_GB","og_type":"article","og_title":"Discover Lanzarote - Casa Mango - Playa Blanca - Lanzarote","og_url":"https:\/\/casamango.holiday\/lanzarote-entdecken\/","og_site_name":"Casa Mango - Playa Blanca - Lanzarote","article_modified_time":"2021-08-03T19:17:31+00:00","og_image":[{"url":"https:\/\/casamango.holiday\/wp-content\/uploads\/2019\/04\/2013-8-9-T%C3%B6rn-8u9-Lissabon-Fuerteventura-276-1024x683.jpg","type":"","width":"","height":""}],"twitter_card":"summary_large_image","twitter_misc":{"Estimated reading time":"3 minutes"},"schema":{"@context":"https:\/\/schema.org","@graph":[{"@type":"WebPage","@id":"https:\/\/casamango.holiday\/lanzarote-entdecken\/","url":"https:\/\/casamango.holiday\/lanzarote-entdecken\/","name":"Discover Lanzarote - Casa Mango - Playa Blanca - Lanzarote","isPartOf":{"@id":"https:\/\/casamango.holiday\/#website"},"primaryImageOfPage":{"@id":"https:\/\/casamango.holiday\/lanzarote-entdecken\/#primaryimage"},"image":{"@id":"https:\/\/casamango.holiday\/lanzarote-entdecken\/#primaryimage"},"thumbnailUrl":"https:\/\/casamango.holiday\/wp-content\/uploads\/2019\/04\/2013-8-9-T%C3%B6rn-8u9-Lissabon-Fuerteventura-276-1024x683.jpg","datePublished":"2020-09-08T10:29:04+00:00","dateModified":"2021-08-03T19:17:31+00:00","description":"Euer Programm f\u00fcr die 14 sch\u00f6nste Tage und Sehensw\u00fcrdigkeiten. Alle Attraktionen Lanzarotes sind von Casa Mango schnell erreichbar.","breadcrumb":{"@id":"https:\/\/casamango.holiday\/lanzarote-entdecken\/#breadcrumb"},"inLanguage":"en-GB","potentialAction":[{"@type":"ReadAction","target":["https:\/\/casamango.holiday\/lanzarote-entdecken\/"]}]},{"@type":"ImageObject","inLanguage":"en-GB","@id":"https:\/\/casamango.holiday\/lanzarote-entdecken\/#primaryimage","url":"https:\/\/casamango.holiday\/wp-content\/uploads\/2019\/04\/2013-8-9-T%C3%B6rn-8u9-Lissabon-Fuerteventura-276-1024x683.jpg","contentUrl":"https:\/\/casamango.holiday\/wp-content\/uploads\/2019\/04\/2013-8-9-T%C3%B6rn-8u9-Lissabon-Fuerteventura-276-1024x683.jpg"},{"@type":"BreadcrumbList","@id":"https:\/\/casamango.holiday\/lanzarote-entdecken\/#breadcrumb","itemListElement":[{"@type":"ListItem","position":1,"name":"Startseite","item":"https:\/\/casamango.holiday\/"},{"@type":"ListItem","position":2,"name":"Lanzarote entdecken"}]},{"@type":"WebSite","@id":"https:\/\/casamango.holiday\/#website","url":"https:\/\/casamango.holiday\/","name":"Casa Mango - Playa Blanca - Lanzarote","description":"Willkommen in unserem Ferienhaus auf Lanzarote -  Welcome to our holiday villa","publisher":{"@id":"https:\/\/casamango.holiday\/#\/schema\/person\/23fc688d7dac6c2e0155460af0679b93"},"potentialAction":[{"@type":"SearchAction","target":{"@type":"EntryPoint","urlTemplate":"https:\/\/casamango.holiday\/?s={search_term_string}"},"query-input":{"@type":"PropertyValueSpecification","valueRequired":true,"valueName":"search_term_string"}}],"inLanguage":"en-GB"},{"@type":["Person","Organization"],"@id":"https:\/\/casamango.holiday\/#\/schema\/person\/23fc688d7dac6c2e0155460af0679b93","name":"admin-wordpress","image":{"@type":"ImageObject","inLanguage":"en-GB","@id":"https:\/\/casamango.holiday\/#\/schema\/person\/image\/","url":"https:\/\/secure.gravatar.com\/avatar\/b36a2cfcb0a5daf901250b350b234451?s=96&d=mm&r=g","contentUrl":"https:\/\/secure.gravatar.com\/avatar\/b36a2cfcb0a5daf901250b350b234451?s=96&d=mm&r=g","caption":"admin-wordpress"},"logo":{"@id":"https:\/\/casamango.holiday\/#\/schema\/person\/image\/"}}]}},"_links":{"self":[{"href":"https:\/\/casamango.holiday\/gb\/wp-json\/wp\/v2\/pages\/1320"}],"collection":[{"href":"https:\/\/casamango.holiday\/gb\/wp-json\/wp\/v2\/pages"}],"about":[{"href":"https:\/\/casamango.holiday\/gb\/wp-json\/wp\/v2\/types\/page"}],"author":[{"embeddable":true,"href":"https:\/\/casamango.holiday\/gb\/wp-json\/wp\/v2\/users\/1"}],"replies":[{"embeddable":true,"href":"https:\/\/casamango.holiday\/gb\/wp-json\/wp\/v2\/comments?post=1320"}],"version-history":[{"count":3,"href":"https:\/\/casamango.holiday\/gb\/wp-json\/wp\/v2\/pages\/1320\/revisions"}],"predecessor-version":[{"id":1323,"href":"https:\/\/casamango.holiday\/gb\/wp-json\/wp\/v2\/pages\/1320\/revisions\/1323"}],"wp:attachment":[{"href":"https:\/\/casamango.holiday\/gb\/wp-json\/wp\/v2\/media?parent=1320"}],"curies":[{"name":"wp","href":"https:\/\/api.w.org\/{rel}","templated":true}]}}